{"id":391,"date":"2025-11-15T12:09:53","date_gmt":"2025-11-15T12:09:53","guid":{"rendered":"https:\/\/mainkaardarshan.com\/?page_id=391"},"modified":"2025-11-15T12:24:57","modified_gmt":"2025-11-15T12:24:57","slug":"mainkar-darshan","status":"publish","type":"page","link":"https:\/\/mainkaardarshan.com\/hi\/mainkar-darshan\/","title":{"rendered":"\u0926\u0930\u094d\u0936\u0928"},"content":{"rendered":"<div data-elementor-type=\"wp-page\" data-elementor-id=\"391\" class=\"elementor elementor-391\" data-elementor-post-type=\"page\">\n\t\t\t\t\t\t<section class=\"elementor-section elementor-top-section elementor-element elementor-element-5f0f35d elementor-section-boxed elementor-section-height-default elementor-section-height-default\" data-id=\"5f0f35d\" data-element_type=\"section\" data-settings=\"{&quot;jet_parallax_layout_list&quot;:[{&quot;jet_parallax_layout_image&quot;:{&quot;url&quot;:&quot;&quot;,&quot;id&quot;:&quot;&quot;,&quot;size&quot;:&quot;&quot;},&quot;_id&quot;:&quot;7f8edaf&quot;,&quot;jet_parallax_layout_image_tablet&quot;:{&quot;url&quot;:&quot;&quot;,&quot;id&quot;:&quot;&quot;,&quot;size&quot;:&quot;&quot;},&quot;jet_parallax_layout_image_mobile&quot;:{&quot;url&quot;:&quot;&quot;,&quot;id&quot;:&quot;&quot;,&quot;size&quot;:&quot;&quot;},&quot;jet_parallax_layout_speed&quot;:{&quot;unit&quot;:&quot;%&quot;,&quot;size&quot;:&quot;50&quot;,&quot;sizes&quot;:[]},&quot;jet_parallax_layout_bg_x&quot;:&quot;50&quot;,&quot;jet_parallax_layout_bg_y&quot;:&quot;50&quot;,&quot;jet_parallax_layout_type&quot;:&quot;scroll&quot;,&quot;jet_parallax_layout_direction&quot;:&quot;1&quot;,&quot;jet_parallax_layout_fx_direction&quot;:null,&quot;jet_parallax_layout_z_index&quot;:&quot;&quot;,&quot;jet_parallax_layout_bg_x_tablet&quot;:&quot;&quot;,&quot;jet_parallax_layout_bg_x_mobile&quot;:&quot;&quot;,&quot;jet_parallax_layout_bg_y_tablet&quot;:&quot;&quot;,&quot;jet_parallax_layout_bg_y_mobile&quot;:&quot;&quot;,&quot;jet_parallax_layout_bg_size&quot;:&quot;auto&quot;,&quot;jet_parallax_layout_bg_size_tablet&quot;:&quot;&quot;,&quot;jet_parallax_layout_bg_size_mobile&quot;:&quot;&quot;,&quot;jet_parallax_layout_animation_prop&quot;:&quot;transform&quot;,&quot;jet_parallax_layout_on&quot;:[&quot;desktop&quot;,&quot;tablet&quot;]}],&quot;background_background&quot;:&quot;classic&quot;}\">\n\t\t\t\t\t\t<div class=\"elementor-container elementor-column-gap-default\">\n\t\t\t\t\t<div class=\"elementor-column elementor-col-100 elementor-top-column elementor-element elementor-element-ce0a41d\" data-id=\"ce0a41d\" data-element_type=\"column\">\n\t\t\t<div class=\"elementor-widget-wrap elementor-element-populated\">\n\t\t\t\t\t\t<div class=\"elementor-element elementor-element-49f6b6d elementor-align-center elementor-widget elementor-widget-raven-heading\" data-id=\"49f6b6d\" data-element_type=\"widget\" data-widget_type=\"raven-heading.default\">\n\t\t\t\t<div class=\"elementor-widget-container\">\n\t\t\t\t\t\t\t<div class=\"raven-widget-wrapper\"><h2 class=\"raven-heading raven-heading-h2\"><span class=\"raven-heading-title\">\u092e\u0948\u0902\u0915\u093e\u0930 \u0926\u0930\u094d\u0936\u0928 <\/span><\/h2><\/div>\n\t\t\t\t\t\t<\/div>\n\t\t\t\t<\/div>\n\t\t<div class=\"elementor-element elementor-element-a0f76e2 e-flex e-con-boxed e-con e-parent\" data-id=\"a0f76e2\" data-element_type=\"container\" data-settings=\"{&quot;jet_parallax_layout_list&quot;:[]}\">\n\t\t\t\t\t<div class=\"e-con-inner\">\n\t\t\t\t<div class=\"elementor-element elementor-element-55d080e elementor-widget elementor-widget-text-editor\" data-id=\"55d080e\" data-element_type=\"widget\" data-widget_type=\"text-editor.default\">\n\t\t\t\t\t\t\t\t\t<ul>\n\n  <li>\n    \u0936\u094d\u0930\u0940\u0915\u0943\u0937\u094d\u0923 \u0926\u094d\u0935\u093e\u0930\u093e \u092e\u0948\u0902\u0930\u0924\u094d\u0928\u0947\u0936\u094d\u0935\u0930 \u0915\u094b \u0926\u093f\u092f\u093e \u0917\u092f\u093e \u091c\u094d\u091e\u093e\u0928 \u092e\u0948\u0902\u0915\u093e\u0930 \u0926\u0930\u094d\u0936\u0928 \u0939\u0948.\n  <\/li>\n\n  <li>\n    \u201c\u091c\u094b \u0905\u0902\u0927\u0915\u093e\u0930 \u0939\u0948 \u0914\u0930 \u092a\u094d\u0930\u0915\u093e\u0936 \u092d\u0940 \u0939\u0948. \u091c\u094b \u0905\u0902\u0927\u0915\u093e\u0930 \u0914\u0930 \u092a\u094d\u0930\u0915\u093e\u0936 \u0926\u094b\u0928\u094b\u0902 \u0915\u0947 \u092e\u0927\u094d\u092f \u0916\u095c\u093e \u0905\u0902\u0927\u0915\u093e\u0930 \u0914\u0930 \u092a\u094d\u0930\u0915\u093e\u0936 \u0915\u093e \u0926\u094d\u0930\u0937\u094d\u091f\u093e \u092d\u0940 \u0939\u0948. \u0905\u0930\u094d\u0925\u093e\u0924\u094d \u091c\u094b \u0905\u0902\u0927\u0915\u093e\u0930 \u0939\u0948 \u0914\u0930 \u0928\u0939\u0940\u0902 \u092d\u0940 \u0939\u0948; \u091c\u094b \u092a\u094d\u0930\u0915\u093e\u0936 \u0939\u0948 \u0914\u0930 \u0928\u0939\u0940\u0902 \u092d\u0940 \u0939\u0948; \u091c\u094b \u0926\u094d\u0930\u0937\u094d\u091f\u093e \u0939\u0948 \u0914\u0930 \u0928\u0939\u0940\u0902 \u092d\u0940 \u0939\u0948, \u0935\u0939 \u092e\u0948\u0902\u0915\u093e\u0930 \u0939\u0948.\n  <\/li>\n\n  <li>\n    \u091c\u094b \u0927\u094d\u0935\u0928\u093f \u0939\u0948 \u0914\u0930 \u0905\u0927\u094d\u0935\u0928\u093f \u092d\u0940 \u0939\u0948. \u091c\u094b \u0927\u094d\u0935\u0928\u093f \u0914\u0930 \u0905\u0927\u094d\u0935\u0928\u093f \u0915\u0947 \u092e\u0927\u094d\u092f \u0916\u095c\u093e \u0905\u0936\u094d\u0930\u094b\u0924\u093e-\u0936\u094d\u0930\u094b\u0924\u093e \u092d\u0940 \u0939\u0948. \u0905\u0930\u094d\u0925\u093e\u0924\u094d \u091c\u094b \u0927\u094d\u0935\u0928\u093f \u0939\u0948 \u0914\u0930 \u0928\u0939\u0940\u0902 \u092d\u0940 \u0939\u0948; \u091c\u094b \u0905\u0927\u094d\u0935\u0928\u093f \u0939\u0948 \u0914\u0930 \u0928\u0939\u0940\u0902 \u092d\u0940 \u0939\u0948; \u091c\u094b \u0905\u0936\u094d\u0930\u094b\u0924\u093e-\u0936\u094d\u0930\u094b\u0924\u093e \u0939\u0948 \u0914\u0930 \u0928\u0939\u0940\u0902 \u092d\u0940 \u0939\u0948, \u0935\u0939 \u092e\u0948\u0902\u0915\u093e\u0930 \u0939\u0948.\n  <\/li>\n\n  <li>\n    \u091c\u094b \u0930\u0938 \u0939\u0948 \u0914\u0930 \u0928\u0940\u0930\u0938 \u092d\u0940 \u0939\u0948. \u091c\u094b \u0930\u0938 \u0914\u0930 \u0928\u0940\u0930\u0938 \u0915\u0947 \u092e\u0927\u094d\u092f \u0905\u0930\u0938\u093f\u0915-\u0930\u0938\u093f\u0915 \u092c\u0928\u093e \u0916\u095c\u093e \u0939\u0948. \u0905\u0930\u094d\u0925\u093e\u0924\u094d \u091c\u094b \u0930\u0938 \u0939\u0948 \u0914\u0930 \u0928\u0939\u0940\u0902 \u092d\u0940 \u0939\u0948; \u091c\u094b \u0928\u0940\u0930\u0938 \u0939\u0948 \u0914\u0930 \u0928\u0939\u0940\u0902 \u092d\u0940 \u0939\u0948; \u091c\u094b \u0905\u0930\u0938\u093f\u0915-\u0930\u0938\u093f\u0915 \u0939\u0948 \u0914\u0930 \u0928\u0939\u0940\u0902 \u092d\u0940 \u0939\u0948, \u0935\u0939 \u092e\u0948\u0902\u0915\u093e\u0930 \u0939\u0948.\n  <\/li>\n\n  <li>\n    \u091c\u094b \u0905\u091c\u094d\u091e \u0939\u0948 \u0914\u0930 \u0938\u0930\u094d\u0935\u091c\u094d\u091e \u092d\u0940 \u0939\u0948. \u091c\u094b \u0905\u091c\u094d\u091e \u0914\u0930 \u0938\u0930\u094d\u0935\u091c\u094d\u091e \u0915\u0947 \u092e\u0927\u094d\u092f \u0916\u095c\u093e \u0938\u094b\u0939\u092e \u092d\u0940 \u0939\u0948. \u0905\u0930\u094d\u0925\u093e\u0924\u094d \u091c\u094b \u0905\u091c\u094d\u091e \u0939\u0948 \u0914\u0930 \u0928\u0939\u0940\u0902 \u092d\u0940 \u0939\u0948; \u091c\u094b \u0938\u0930\u094d\u0935\u091c\u094d\u091e \u0939\u0948 \u0914\u0930 \u0928\u0939\u0940\u0902 \u092d\u0940 \u0939\u0948; \u091c\u094b \u0938\u094b\u0939\u092e \u0939\u0948 \u0914\u0930 \u0928\u0939\u0940\u0902 \u092d\u0940 \u0939\u0948, \u0935\u0939 \u092e\u0948\u0902\u0915\u093e\u0930 \u0939\u0948.\n  <\/li>\n\n  <li>\n    \u091c\u094b \u0938\u0917\u0941\u0923 \u0939\u0948 \u0914\u0930 \u0928\u093f\u0930\u094d\u0917\u0941\u0923 \u092d\u0940 \u0939\u0948. \u091c\u094b \u0938\u0917\u0941\u0923 \u0914\u0930 \u0928\u093f\u0930\u094d\u0917\u0941\u0923 \u0915\u0947 \u092e\u0927\u094d\u092f \u0916\u095c\u093e \u0938\u093e\u0915\u094d\u0937\u0940 \u092c\u094d\u0930\u0939\u094d\u092e-\u0905\u092c\u094d\u0930\u0939\u094d\u092e \u092d\u0940 \u0939\u0948; \u0905\u0930\u094d\u0925\u093e\u0924\u094d \u091c\u094b \u0938\u0917\u0941\u0923 \u0939\u0948 \u0914\u0930 \u0928\u0939\u0940\u0902 \u092d\u0940 \u0939\u0948; \u091c\u094b \u0928\u093f\u0930\u094d\u0917\u0941\u0923 \u0939\u0948 \u0914\u0930 \u0928\u0939\u0940\u0902 \u092d\u0940 \u0939\u0948; \u091c\u094b \u092c\u094d\u0930\u0939\u094d\u092e-\u0905\u092c\u094d\u0930\u0939\u094d\u092e \u0939\u0948 \u0914\u0930 \u0928\u0939\u0940\u0902 \u092d\u0940 \u0939\u0948, \u0935\u0939 \u092e\u0948\u0902\u0915\u093e\u0930 \u0939\u0948.\u201d\n  <\/li>\n\n  <li>\n    \u201c\u091c\u094b \u0936\u094d\u0935\u0947\u0924 \u0935\u093f\u0935\u0930 \u0939\u0948 \u0914\u0930 \u0936\u094d\u092f\u093e\u092e \u0935\u093f\u0935\u0930 \u092d\u0940 \u0939\u0948. \u091c\u094b \u0936\u094d\u0935\u0947\u0924 \u0935\u093f\u0935\u0930 \u0914\u0930 \u0936\u094d\u092f\u093e\u092e \u0935\u093f\u0935\u0930 \u0915\u0947 \u092e\u0927\u094d\u092f \u0915\u0935\u091a\u0940\u092f \u0905\u0927\u094b\u092e\u093e\u0930\u094d\u0917 \u0915\u093e \u092f\u093e\u0924\u094d\u0930\u0940 \u092d\u0940 \u0939\u0948. \u0905\u0930\u094d\u0925\u093e\u0924\u094d \u091c\u094b \u0936\u094d\u0935\u0947\u0924 \u0935\u093f\u0935\u0930 \u0939\u0948 \u0914\u0930 \u0928\u0939\u0940\u0902 \u092d\u0940 \u0939\u0948; \u091c\u094b \u0936\u094d\u092f\u093e\u092e \u0935\u093f\u0935\u0930 \u0939\u0948 \u0914\u0930 \u0928\u0939\u0940\u0902 \u092d\u0940 \u0939\u0948; \u091c\u094b \u0936\u094d\u0935\u0947\u0924 \u0935\u093f\u0935\u0930 \u0914\u0930 \u0936\u094d\u092f\u093e\u092e \u0935\u093f\u0935\u0930 \u0915\u0947 \u092e\u0927\u094d\u092f \u0915\u0935\u091a\u0940\u092f \u0905\u0927\u094b\u092e\u093e\u0930\u094d\u0917 \u0915\u093e \u092f\u093e\u0924\u094d\u0930\u0940 \u0939\u0948 \u0914\u0930 \u0928\u0939\u0940\u0902 \u092d\u0940 \u0939\u0948, \u0935\u0939 \u092e\u0948\u0902\u0915\u093e\u0930 \u0939\u0948.\u201d\n  <\/li>\n\n  <li>\n    \u201c\u091c\u094b \u0926\u0943\u0936\u094d\u092f \u0939\u0948 \u0914\u0930 \u0926\u094d\u0930\u0937\u094d\u091f\u093e \u092d\u0940 \u0939\u0948, \u0935\u0939 \u092e\u0948\u0902\u0915\u093e\u0930 \u0939\u0948.\n  <\/li>\n\n  <li>\n    \u091c\u094b \u0926\u093e\u0924\u093e \u0939\u0948 \u0914\u0930 \u092f\u093e\u091a\u0915 \u092d\u0940 \u0939\u0948, \u0935\u0939 \u092e\u0948\u0902\u0915\u093e\u0930 \u0939\u0948.\n  <\/li>\n\n  <li>\n    \u091c\u094b \u0926\u094d\u0930\u0937\u094d\u091f\u093e \u0939\u0948 \u0914\u0930 \u0936\u094d\u0930\u0937\u094d\u091f\u093e \u092d\u0940 \u0939\u0948, \u0935\u0939 \u092e\u0948\u0902\u0915\u093e\u0930 \u0939\u0948.\u201d\n  <\/li>\n\n  <li>\n    \u201c\u0928\u093f\u0930\u093e\u0915\u093e\u0930 \u0914\u0930 \u0938\u093e\u0915\u093e\u0930 \u0915\u0947 \u092e\u0927\u094d\u092f \u0928\u0943\u0924\u094d\u092f \u0915\u0930\u0928\u0947 \u0935\u093e\u0932\u093e \u092e\u0948\u0902\u0915\u093e\u0930 \u0915\u0932\u093e \u0938\u0947 \u092f\u0941\u0915\u094d\u0924 \u0939\u0948.\n  <\/li>\n\n  <li>\n    \u0906\u0938\u094d\u0924\u093f\u0915 \u0914\u0930 \u0928\u093e\u0938\u094d\u0924\u093f\u0915 \u0915\u0947 \u092e\u0927\u094d\u092f \u0917\u0940\u0924 \u0917\u093e\u0928\u0947 \u0935\u093e\u0932\u093e \u092e\u0948\u0902\u0915\u093e\u0930 \u0915\u0932\u093e \u0938\u0947 \u092a\u0942\u0930\u094d\u0923 \u0939\u0948.\n  <\/li>\n\n  <li>\n    \u0905\u0930\u094d\u0925\u093e\u0924\u094d \u091c\u094b \u0915\u0923-\u0905\u0915\u0923 \u092e\u0947\u0902 \u0938\u0926\u0948\u0935 \u0909\u092a\u0938\u094d\u0925\u093f\u0924 \u0927\u0941\u0928 \u0939\u0948, \u0935\u0939 \u092e\u0948\u0902\u0915\u093e\u0930 \u0915\u0932\u093e \u092e\u0947\u0902 \u0938\u092e\u094d\u092a\u0942\u0930\u094d\u0923 \u0939\u0948.\u201d\n  <\/li>\n\n<\/ul>\n\t\t\t\t\t\t\t\t<\/div>\n\t\t\t\t\t<\/div>\n\t\t\t\t<\/div>\n\t\t\t\t<div class=\"elementor-element elementor-element-90bcdae elementor-widget elementor-widget-text-editor\" data-id=\"90bcdae\" data-element_type=\"widget\" data-widget_type=\"text-editor.default\">\n\t\t\t\t\t\t\t\t\t<p>* * *<\/p>\t\t\t\t\t\t\t\t<\/div>\n\t\t\t\t\t<\/div>\n\t\t<\/div>\n\t\t\t\t\t<\/div>\n\t\t<\/section>\n\t\t\t\t<\/div>","protected":false},"excerpt":{"rendered":"<p>M\u0101ink\u0101r Darshan The jn\u0101n (knowledge) given by ShriKrishna to M\u0101inRatneshwar is M\u0101ink\u0101r Darshan. It is that which is darkness and also light; It is the one standing between darkness and light, witnessing both, that which is darkness and yet not, that which is light and yet not, that which is the seer and yet not, [&hellip;]<\/p>","protected":false},"author":1,"featured_media":0,"parent":0,"menu_order":0,"comment_status":"closed","ping_status":"closed","template":"elementor_header_footer","meta":{"_acf_changed":false,"footnotes":""},"class_list":["post-391","page","type-page","status-publish","hentry"],"acf":[],"_hostinger_reach_plugin_has_subscription_block":false,"_hostinger_reach_plugin_is_elementor":false,"_links":{"self":[{"href":"https:\/\/mainkaardarshan.com\/hi\/wp-json\/wp\/v2\/pages\/391","targetHints":{"allow":["GET"]}}],"collection":[{"href":"https:\/\/mainkaardarshan.com\/hi\/wp-json\/wp\/v2\/pages"}],"about":[{"href":"https:\/\/mainkaardarshan.com\/hi\/wp-json\/wp\/v2\/types\/page"}],"author":[{"embeddable":true,"href":"https:\/\/mainkaardarshan.com\/hi\/wp-json\/wp\/v2\/users\/1"}],"replies":[{"embeddable":true,"href":"https:\/\/mainkaardarshan.com\/hi\/wp-json\/wp\/v2\/comments?post=391"}],"version-history":[{"count":7,"href":"https:\/\/mainkaardarshan.com\/hi\/wp-json\/wp\/v2\/pages\/391\/revisions"}],"predecessor-version":[{"id":414,"href":"https:\/\/mainkaardarshan.com\/hi\/wp-json\/wp\/v2\/pages\/391\/revisions\/414"}],"wp:attachment":[{"href":"https:\/\/mainkaardarshan.com\/hi\/wp-json\/wp\/v2\/media?parent=391"}],"curies":[{"name":"wp","href":"https:\/\/api.w.org\/{rel}","templated":true}]}}