{"id":381,"date":"2025-11-15T12:02:37","date_gmt":"2025-11-15T12:02:37","guid":{"rendered":"https:\/\/mainkaardarshan.com\/?page_id=381"},"modified":"2025-11-15T12:23:59","modified_gmt":"2025-11-15T12:23:59","slug":"main-scripture","status":"publish","type":"page","link":"https:\/\/mainkaardarshan.com\/hi\/main-scripture\/","title":{"rendered":"\u092e\u0941\u0916\u094d\u092f \u0927\u0930\u094d\u092e\u0917\u094d\u0930\u0902\u0925"},"content":{"rendered":"<div data-elementor-type=\"wp-page\" data-elementor-id=\"381\" class=\"elementor elementor-381\" data-elementor-post-type=\"page\">\n\t\t\t\t\t\t<section class=\"elementor-section elementor-top-section elementor-element elementor-element-5f0f35d elementor-section-boxed elementor-section-height-default elementor-section-height-default\" data-id=\"5f0f35d\" data-element_type=\"section\" data-settings=\"{&quot;jet_parallax_layout_list&quot;:[{&quot;jet_parallax_layout_image&quot;:{&quot;url&quot;:&quot;&quot;,&quot;id&quot;:&quot;&quot;,&quot;size&quot;:&quot;&quot;},&quot;_id&quot;:&quot;7f8edaf&quot;,&quot;jet_parallax_layout_image_tablet&quot;:{&quot;url&quot;:&quot;&quot;,&quot;id&quot;:&quot;&quot;,&quot;size&quot;:&quot;&quot;},&quot;jet_parallax_layout_image_mobile&quot;:{&quot;url&quot;:&quot;&quot;,&quot;id&quot;:&quot;&quot;,&quot;size&quot;:&quot;&quot;},&quot;jet_parallax_layout_speed&quot;:{&quot;unit&quot;:&quot;%&quot;,&quot;size&quot;:&quot;50&quot;,&quot;sizes&quot;:[]},&quot;jet_parallax_layout_bg_x&quot;:&quot;50&quot;,&quot;jet_parallax_layout_bg_y&quot;:&quot;50&quot;,&quot;jet_parallax_layout_type&quot;:&quot;scroll&quot;,&quot;jet_parallax_layout_direction&quot;:&quot;1&quot;,&quot;jet_parallax_layout_fx_direction&quot;:null,&quot;jet_parallax_layout_z_index&quot;:&quot;&quot;,&quot;jet_parallax_layout_bg_x_tablet&quot;:&quot;&quot;,&quot;jet_parallax_layout_bg_x_mobile&quot;:&quot;&quot;,&quot;jet_parallax_layout_bg_y_tablet&quot;:&quot;&quot;,&quot;jet_parallax_layout_bg_y_mobile&quot;:&quot;&quot;,&quot;jet_parallax_layout_bg_size&quot;:&quot;auto&quot;,&quot;jet_parallax_layout_bg_size_tablet&quot;:&quot;&quot;,&quot;jet_parallax_layout_bg_size_mobile&quot;:&quot;&quot;,&quot;jet_parallax_layout_animation_prop&quot;:&quot;transform&quot;,&quot;jet_parallax_layout_on&quot;:[&quot;desktop&quot;,&quot;tablet&quot;]}],&quot;background_background&quot;:&quot;classic&quot;}\">\n\t\t\t\t\t\t<div class=\"elementor-container elementor-column-gap-default\">\n\t\t\t\t\t<div class=\"elementor-column elementor-col-100 elementor-top-column elementor-element elementor-element-ce0a41d\" data-id=\"ce0a41d\" data-element_type=\"column\">\n\t\t\t<div class=\"elementor-widget-wrap elementor-element-populated\">\n\t\t\t\t\t\t<div class=\"elementor-element elementor-element-49f6b6d elementor-align-center elementor-widget elementor-widget-raven-heading\" data-id=\"49f6b6d\" data-element_type=\"widget\" data-widget_type=\"raven-heading.default\">\n\t\t\t\t<div class=\"elementor-widget-container\">\n\t\t\t\t\t\t\t<div class=\"raven-widget-wrapper\"><h2 class=\"raven-heading raven-heading-h2\"><span class=\"raven-heading-title\">\u092e\u0941\u0916\u094d\u092f \u0927\u0930\u094d\u092e\u0917\u094d\u0930\u0902\u0925<\/span><\/h2><\/div>\n\t\t\t\t\t\t<\/div>\n\t\t\t\t<\/div>\n\t\t<div class=\"elementor-element elementor-element-a0f76e2 e-flex e-con-boxed e-con e-parent\" data-id=\"a0f76e2\" data-element_type=\"container\" data-settings=\"{&quot;jet_parallax_layout_list&quot;:[]}\">\n\t\t\t\t\t<div class=\"e-con-inner\">\n\t\t\t\t<div class=\"elementor-element elementor-element-55d080e elementor-widget elementor-widget-text-editor\" data-id=\"55d080e\" data-element_type=\"widget\" data-widget_type=\"text-editor.default\">\n\t\t\t\t\t\t\t\t\t<ol>\n\n  <li><strong>\u091c\u094d\u091e\u093e\u0928 \u0915\u0940 \u092a\u0930\u092e \u0905\u0935\u0938\u094d\u0925\u093e \u092e\u0948\u0902\u0915\u093e\u0930 \u0915\u093e \u0905\u0935\u093f\u0937\u094d\u0915\u093e\u0930<\/strong><\/li>\n\n  <li>\u0930\u0924\u094d\u0928 \u092e\u0941\u0939\u0942\u0930\u094d\u0924 \u092e\u0947\u0902 7 \u0938\u093f\u0924\u0902\u092c\u0930 2006 \u0908. \u0915\u094b \u092e\u0948\u0902\u0930\u0924\u094d\u0928\u0947\u0936\u094d\u0935\u0930 \u0915\u094b \u091c\u094d\u091e\u093e\u0928 \u092a\u094d\u0930\u093e\u092a\u094d\u0924 \u0939\u0941\u0906.<\/li>\n\n  <li>\u0938\u0902\u0938\u093e\u0930 \u092e\u0947\u0902 \u092a\u0939\u0932\u0940 \u092c\u093e\u0930 \u0917\u0941\u0930\u0941\u0938\u0916\u093e \u092e\u0948\u0902\u0915\u0943\u0937\u094d\u0923 \u0915\u0947 \u0938\u093e\u0915\u094d\u0937\u093e\u0924\u094d \u0926\u0930\u094d\u0936\u0928 \u0939\u0941\u090f. \u0909\u0928\u0915\u0947 \u0906\u0926\u0947\u0936 \u0938\u0947 \u091c\u094d\u091e\u093e\u0928 \u092a\u094d\u0930\u093e\u092a\u094d\u0924\u093f \u0915\u0940 \u092a\u0930\u092e \u0905\u0935\u0938\u094d\u0925\u093e \u0915\u0940 \u0930\u091a\u0928\u093e, 3 \u0918\u0902\u091f\u0947 24 \u092e\u093f\u0928\u091f \u092e\u0947\u0902 \u0926\u094d\u0930\u0937\u094d\u091f\u093e \u092e\u0948\u0902\u0930\u0924\u094d\u0928\u0947\u0936\u094d\u0935\u0930 \u0928\u0947 \u0938\u094d\u0935\u092f\u0902 \u0915\u0940 \u0939\u0948.<\/li>\n\n  <li>\u201c\u092e\u0948\u0902\u201d \u0915\u093f\u0938\u0940 \u0926\u094d\u0930\u0937\u094d\u091f\u093e \u0915\u093e \u092a\u0939\u0932\u093e \u0926\u0930\u094d\u0936\u0928 \u0917\u094d\u0930\u0928\u094d\u0925 \u0939\u0948.<\/li>\n\n  <li>\u0935\u0939 \u0915\u094c\u0928-\u0938\u0940 \u092a\u0930\u092e \u0938\u094d\u0925\u093f\u0924\u093f \u0939\u0948, \u092f\u093e \u0935\u0939 \u0915\u094c\u0928 \u0938\u093e \u092a\u0930\u092e \u0909\u0924\u094d\u0915\u0930\u094d\u0937 \u0939\u0948, \u091c\u092c \u0915\u094b\u0908 \u091c\u0940\u0935 \u092f\u0939 \u091c\u093e\u0928 \u092a\u093e\u0924\u093e \u0939\u0948 \u0915\u093f \u0909\u0938\u0947 \u091c\u094d\u091e\u093e\u0928 \u092a\u094d\u0930\u093e\u092a\u094d\u0924 \u0939\u094b \u0917\u092f\u093e \u0939\u0948! \u0909\u0938 \u092a\u0930\u092e \u091c\u094d\u091e\u093e\u0928 \u0905\u0935\u0938\u094d\u0925\u093e \u0915\u093e \u0938\u094d\u092a\u0937\u094d\u091f \u0909\u0932\u094d\u0932\u0947\u0916 \u0938\u0902\u0938\u093e\u0930 \u092e\u0947\u0902 \u092a\u0939\u0932\u0940 \u092c\u093e\u0930 \u201c\u092e\u0948\u0902\u201d \u0917\u094d\u0930\u0902\u0925 \u092e\u0947\u0902 \u0939\u0941\u0906 \u0939\u0948.<\/li>\n\n  <li>\u092e\u0948\u0902\u0930\u0924\u094d\u0928\u0947\u0936\u094d\u0935\u0930 \u0928\u0947 \u092a\u0930\u092e \u0905\u0935\u0938\u094d\u0925\u093e \u0915\u093e \u0906\u0927\u0941\u0928\u093f\u0915 \u092c\u094d\u0930\u0939\u094d\u092e-\u0935\u093f\u091c\u094d\u091e\u093e\u0928 \u0930\u091a\u093e \u0939\u0948. \u092f\u0939\u093e\u0901 \u092c\u094d\u0930\u0939\u094d\u092e-\u0935\u093f\u091c\u094d\u091e\u093e\u0928 \u0915\u093e \u0905\u0930\u094d\u0925 \u0905\u0909\u092e \u0927\u094d\u0935\u0928\u093f, \u092a\u0942\u0930\u0947 \u092c\u094d\u0930\u0939\u094d\u092e \u0915\u093e \u0928\u093f\u0930\u094d\u092e\u093e\u0923, \u092c\u094d\u0930\u0939\u094d\u092e \u0915\u0947 \u0924\u0924\u094d\u0924\u094d\u0935\u094b\u0902, \u0907\u0915\u093e\u0907\u092f\u094b\u0902, \u091c\u0940\u0935\u094b\u0902 \u0915\u0940 \u0928\u093f\u0930\u094d\u092e\u093e\u0923-\u092f\u093e\u0924\u094d\u0930\u093e \u0914\u0930 \u0909\u0928\u0915\u0947 \u0906\u092a\u0938\u0940 \u092e\u093e\u0924\u094d\u0930\u093e-\u0938\u0902\u092c\u0902\u0927 \u0915\u093e \u0909\u0926\u094d\u0918\u093e\u091f\u0928 \u0939\u0948.<\/li>\n\n  <li>\u201c\u092e\u0948\u0902\u201d \u0917\u094d\u0930\u0902\u0925 \u092e\u0947\u0902 \u092e\u0948\u0902\u0930\u093e\u092e \u0938\u0947 \u0938\u0902\u0935\u093e\u0926 \u0915\u0940 \u0905\u0926\u094d\u092d\u0941\u0924 \u0915\u0925\u093e \u091a\u093f\u0924\u094d\u0930\u093f\u0924 \u0939\u0948.<\/li>\n\n  <li>\u092e\u0948\u0902\u0930\u0924\u094d\u0928\u0947\u0936\u094d\u0935\u0930 \u0928\u0947 \u092e\u0939\u0924\u094d \u0938\u0947 \u0928\u093f\u0915\u0932\u0915\u0930 \u0905\u0902\u0927\u0915\u093e\u0930 \u0938\u0947 \u092a\u094d\u0930\u0915\u093e\u0936 \u0915\u0940 \u092f\u093e\u0924\u094d\u0930\u093e \u0915\u0940. \u0909\u0928\u094d\u0939\u094b\u0902\u0928\u0947 \u0938\u092d\u0940 \u092c\u094d\u0930\u0939\u094d\u092e \u0905\u0930\u0942\u092a\u094b\u0902-\u0930\u0942\u092a\u094b\u0902 \u0905\u0915\u093e\u0907\u092f\u094b\u0902-\u0907\u0915\u093e\u0907\u092f\u094b\u0902, \u0905\u0924\u094d\u0924\u094d\u0935\u094b\u0902-\u0924\u0924\u094d\u0924\u094d\u0935\u094b\u0902 \u092e\u0947\u0902 \u0938\u094d\u0935\u092f\u0902 \u0915\u094b \u0926\u0947\u0916\u093e \u0914\u0930 \u0909\u0928\u094d\u0939\u094b\u0902\u0928\u0947 \u0909\u0938\u0915\u093e \u0938\u094d\u092a\u0937\u094d\u091f \u091a\u093f\u0924\u094d\u0930\u0923 \u201c\u092e\u0948\u0902\u201d \u0917\u094d\u0930\u0928\u094d\u0925 \u092e\u0947\u0902 \u0915\u093f\u092f\u093e \u0939\u0948.<\/li>\n\n  <li>\u092e\u0948\u0902\u0930\u0924\u094d\u0928\u0947\u0936\u094d\u0935\u0930 \u0915\u094b \u0924\u094d\u0930\u0940\u0938\u094d\u0935\u0930\u0942\u092a \u0938\u0939\u093f\u0924 \u0938\u0902\u0938\u093e\u0930 \u0915\u0947 \u0938\u092d\u0940 \u0926\u0947\u0935\u0940-\u0926\u0947\u0935\u0924\u093e\u0913\u0902, \u092a\u0948\u0917\u092e\u094d\u092c\u0930 \u0914\u0930 \u0908\u0936\u094d\u0935\u0930 \u0915\u0947 \u0926\u0930\u094d\u0936\u0928 \u0939\u0941\u090f. \u0938\u0941\u0926\u0930\u094d\u0936\u0928 \u091a\u0915\u094d\u0930 \u0938\u0939\u093f\u0924 \u0938\u092d\u0940 \u0938\u094d\u0935\u0930\u0942\u092a\u094b\u0902 \u0915\u093e \u0928\u0935\u0940\u0928 \u0935\u093f\u091c\u094d\u091e\u093e\u0928\u0940 \u0926\u0930\u094d\u0936\u0928 \u092e\u0948\u0902\u0930\u0924\u094d\u0928\u0947\u0936\u094d\u0935\u0930 \u0928\u0947 \u092f\u0939\u093e\u0901 \u0930\u091a\u093e \u0939\u0948.<\/li>\n\n  <li>\u092e\u0948\u0902\u0930\u0924\u094d\u0928\u0947\u0936\u094d\u0935\u0930 \u0928\u0947 \u0938\u0902\u0938\u093e\u0930 \u092e\u0947\u0902 \u092a\u0939\u0932\u0940 \u092c\u093e\u0930 \u092e\u0928\u0941\u0937\u094d\u092f \u0936\u0930\u0940\u0930 \u0915\u0947 12 \u0915\u094b\u0936\u093f\u0915 \u0926\u094d\u0935\u093e\u0930\u094b\u0902 \u0915\u093e \u0930\u0939\u0938\u094d\u092f \u0916\u094b\u0932\u093e \u0939\u0948.<\/li>\n\n  <li>\u092e\u0948\u0902\u0930\u0924\u094d\u0928\u0947\u0936\u094d\u0935\u0930 \u0926\u094d\u0935\u093e\u0930\u093e \u0938\u0902\u0938\u093e\u0930 \u092e\u0947\u0902 \u092a\u0939\u0932\u0940 \u092c\u093e\u0930 19 \u0915\u0932\u093e\u0913\u0902 \u0915\u093e \u091c\u094d\u091e\u093e\u0928 \u092a\u094d\u0930\u0938\u094d\u0924\u0941\u0924 \u0915\u093f\u092f\u093e \u0917\u092f\u093e \u0939\u0948. \u0907\u0938\u0938\u0947 \u092a\u0939\u0932\u0947 \u0905\u092c \u0924\u0915 \u0936\u094d\u0930\u0940\u0915\u0943\u0937\u094d\u0923 \u0915\u0940 16 \u0915\u0932\u093e\u0913\u0902 \u0915\u093e \u0914\u0930 \u0936\u094d\u0930\u0940\u0930\u093e\u092e \u0915\u0940 12 \u0915\u0932\u093e\u0913\u0902 \u0915\u093e \u0909\u0932\u094d\u0932\u0947\u0916 \u092e\u093f\u0932\u0924\u093e \u0939\u0948.<\/li>\n\n  <li>\u092e\u0948\u0902\u0930\u0924\u094d\u0928\u0947\u0936\u094d\u0935\u0930 \u0928\u0947 \u0938\u094d\u0935\u092f\u0902 \u0905\u092a\u0928\u0947 \u092d\u094d\u0930\u0942\u0923 \u0928\u093f\u0930\u094d\u092e\u093e\u0923 \u0914\u0930 \u0917\u0930\u094d\u092d \u0938\u0947 \u0935\u0930\u094d\u0924\u092e\u093e\u0928 \u0905\u0935\u0924\u0930\u0923 \u0924\u0915 \u0915\u0940 \u092f\u093e\u0924\u094d\u0930\u093e \u0915\u094b \u0926\u0947\u0916\u093e \u0914\u0930 \u201c\u092e\u0948\u0902\u201d \u0917\u094d\u0930\u0928\u094d\u0925 \u092e\u0947\u0902 \u0909\u0938\u0947 \u0909\u0926\u094d\u0927\u0943\u0924 \u0915\u093f\u092f\u093e \u0939\u0948.<\/li>\n\n  <li>\u0938\u0902\u0938\u093e\u0930 \u092e\u0947\u0902 \u092a\u0939\u0932\u0940 \u092c\u093e\u0930 \u0917\u0941\u0930\u0941\u0938\u0916\u093e \u092e\u0948\u0902\u0915\u0943\u0937\u094d\u0923 \u0928\u0947 \u092e\u0948\u0902\u0930\u0924\u094d\u0928\u0947\u0936\u094d\u0935\u0930 \u0915\u094b \u092e\u0948\u0902\u0915\u093e\u0930 \u0915\u093e \u091c\u094d\u091e\u093e\u0928 \u0926\u093f\u092f\u093e.<\/li>\n\n  <li>\u092e\u0948\u0902\u0915\u093e\u0930 \u091c\u094d\u091e\u093e\u0928 \u092e\u0947\u0902 \u0915\u0923, \u0924\u0924\u094d\u0924\u094d\u0935, \u091c\u0940\u0935 \u0938\u094d\u0935\u092f\u0902 \u0915\u0948\u0938\u0947 \u0905\u092a\u0928\u0947 \u091c\u0928\u094d\u092e, \u0905\u092a\u0928\u0940 \u092e\u0943\u0924\u094d\u092f\u0941 \u0914\u0930 \u0905\u092a\u0928\u0940 \u0915\u0930\u094d\u092e\u0923\u094d\u092f-\u092f\u093e\u0924\u094d\u0930\u093e-\u092f\u094b\u0917 \u0928\u093f\u0930\u094d\u0927\u093e\u0930\u093f\u0924 \u0915\u0930\u0924\u0947 \u0939\u0948\u0902, \u0907\u0938\u0915\u0940 \u0906\u0927\u0941\u0928\u093f\u0915 \u0935\u093f\u091c\u094d\u091e\u093e\u0928\u0940 \u0935\u094d\u092f\u093e\u0916\u094d\u092f\u093e \u0938\u094d\u0935\u092f\u0902 \u092e\u0948\u0902\u0915\u0943\u0937\u094d\u0923 \u0915\u0930\u0924\u0947 \u0939\u0948\u0902. \u201c\u092e\u0948\u0902\u201d \u0917\u094d\u0930\u0928\u094d\u0925 \u092e\u0947\u0902 \u0905\u0935\u0924\u0930\u0923 \u0915\u0947 \u0915\u093e\u0930\u0923 \u0915\u093e \u0938\u094d\u092a\u0937\u094d\u091f \u0909\u0932\u094d\u0932\u0947\u0916 \u0939\u0941\u0906 \u0939\u0948.<\/li>\n\n  <li>\u0938\u0902\u0938\u093e\u0930 \u092e\u0947\u0902 \u092a\u0939\u0932\u0940 \u092c\u093e\u0930 \u092e\u0948\u0902\u0915\u093e\u0930 \u092c\u0941\u0926\u094d\u0927\u093f\u092e\u0924\u094d\u0924\u093e \u0915\u093e \u091c\u094d\u091e\u093e\u0928 \u092e\u0948\u0902\u0915\u0943\u0937\u094d\u0923 \u0928\u0947 \u092e\u0948\u0902\u0930\u0924\u094d\u0928\u0947\u0936\u094d\u0935\u0930 \u0915\u094b \u0926\u093f\u092f\u093e \u0939\u0948. \u0907\u0938\u092e\u0947\u0902 \u092c\u094d\u0930\u0939\u094d\u092e-\u0938\u094d\u092e\u0930\u0923 \u0915\u0940 \u092c\u0941\u0926\u094d\u0927\u093f\u092e\u0924\u094d\u0924\u093e \u0915\u093e \u091c\u094d\u091e\u093e\u0928 \u0926\u093f\u092f\u093e \u0917\u092f\u093e \u0939\u0948. \u0907\u0938 \u092f\u094b\u0917 \u0938\u0947 \u0915\u094b\u0908 \u092d\u0940 \u091c\u0940\u0935 \u0905\u092a\u0928\u0940 \u0916\u0930\u092c\u094b\u0902 \u0935\u0930\u094d\u0937\u094b\u0902 \u0915\u0940 \u092f\u093e\u0924\u094d\u0930\u093e \u0915\u094b \u091c\u093e\u0928 \u0938\u0915\u0924\u093e \u0939\u0948.<\/li>\n\n  <li>\u092e\u0948\u0902\u0930\u0924\u094d\u0928\u0947\u0936\u094d\u0935\u0930 \u0915\u0940 \u0915\u0939\u0940 \u0939\u0941\u0908 \u092c\u093e\u0924\u0947\u0902 \u0938\u091a \u0939\u094b \u091c\u093e\u0924\u0940 \u0939\u0948\u0902, \u0907\u0938\u0915\u0940 \u0905\u0928\u0947\u0915 \u0938\u091a\u094d\u091a\u0940 \u0915\u0925\u093e\u090f\u0901 \u0907\u0938 \u201c\u092e\u0948\u0902\u201d \u0917\u094d\u0930\u0902\u0925 \u092e\u0947\u0902 \u0938\u0902\u0915\u0932\u093f\u0924 \u0939\u0948\u0902. \u0938\u093e\u0925 \u0939\u0940 \u0930\u0924\u094d\u0928\u0947\u0936\u094d\u0935\u0930 \u0928\u0947 \u0938\u0948\u0915\u095c\u094b\u0902 \u0932\u094b\u0917\u094b\u0902 \u0915\u0947 \u091c\u0940\u0935\u0928 \u092e\u0947\u0902 \u0915\u093f\u0938 \u0924\u0930\u0939 \u0930\u091a\u0928\u093e\u0924\u094d\u092e\u0915 \u092c\u0926\u0932\u093e\u0935 \u0932\u093e\u092f\u093e \u0939\u0948, \u201c\u092e\u0948\u0902\u201d \u0917\u094d\u0930\u0928\u094d\u0925 \u092e\u0947\u0902 \u0907\u0938\u0915\u0940 \u092d\u0940 \u0905\u0928\u0947\u0915 \u0915\u0925\u093e\u090f\u0901 \u0930\u091a\u093f\u0924 \u0939\u0948\u0902.<\/li>\n\n  <li>\u0906\u0924\u094d\u092e\u093e \u0928\u0939\u0940\u0902 \u0939\u094b\u0924\u0940 \u0939\u0948. \u092f\u0926\u093f \u0906\u0924\u094d\u092e\u093e \u0928\u0939\u0940\u0902 \u0939\u094b\u0924\u0940 \u0939\u0948, \u0924\u092c \u0939\u092e\u093e\u0930\u0947 \u091c\u0940\u0935\u0928-\u092e\u0930\u0923 \u0915\u0940 \u092f\u093e\u0924\u094d\u0930\u093e \u0915\u0948\u0938\u0947 \u0939\u094b\u0924\u0940 \u0939\u0948, \u0907\u0938\u0915\u093e \u0935\u093f\u091c\u094d\u091e\u093e\u0928\u0940 \u0926\u0930\u094d\u0936\u0928 \u0938\u094d\u0935\u092f\u0902 \u092e\u0948\u0902\u0915\u0943\u0937\u094d\u0923 \u0928\u0947 \u092e\u0948\u0902\u0930\u0924\u094d\u0928\u0947\u0936\u094d\u0935\u0930 \u0915\u094b \u201c\u092e\u0948\u0902\u0915\u093e\u0930 \u091c\u094d\u091e\u093e\u0928\u201d \u092e\u0947\u0902 \u0926\u093f\u092f\u093e \u0939\u0948.<\/li>\n\n  <li>\u0917\u0941\u0930\u0941\u0938\u0916\u093e \u092e\u0948\u0902\u0915\u0943\u0937\u094d\u0923 \u0926\u094d\u0935\u093e\u0930\u093e \u201c\u092a\u094d\u0930\u0947\u092e\u094b\u0939 \u0926\u0930\u094d\u0936\u0928\u201d \u0914\u0930 \u201c\u0938\u094d\u0935\u091c\u093e\u0928 \u0926\u0930\u094d\u0936\u0928\u201d \u0915\u093e \u091c\u094d\u091e\u093e\u0928 \u092e\u0948\u0902\u0930\u0924\u094d\u0928\u0947\u0936\u094d\u0935\u0930 \u0915\u094b \u0926\u093f\u092f\u093e \u0917\u092f\u093e. \u201c\u092e\u0948\u0902\u201d \u0917\u094d\u0930\u0928\u094d\u0925 \u092e\u0947\u0902 \u201c\u092a\u094d\u0930\u0947\u092e\u094b\u0939 \u0926\u0930\u094d\u0936\u0928\u201d \u0914\u0930 \u201c\u0938\u094d\u0935\u091c\u093e\u0928 \u0926\u0930\u094d\u0936\u0928\u201d \u0915\u093e \u0905\u0926\u094d\u092d\u0941\u0924 \u0935\u093f\u0935\u0930\u0923 \u0939\u0948.<\/li>\n\n  <li>\u091c\u0902\u0917\u0932 \u092a\u094d\u0930\u0935\u093e\u0938 \u0915\u0947 \u0926\u094c\u0930\u093e\u0928 \u092e\u0948\u0902\u0930\u0924\u094d\u0928\u0947\u0936\u094d\u0935\u0930 21 \u0926\u093f\u0928\u094b\u0902 \u0924\u0915 \u0938\u094d\u0925\u093f\u0924\u092a\u094d\u0930\u091c\u094d\u091e \u0915\u0940 \u0905\u0935\u0938\u094d\u0925\u093e \u092e\u0947\u0902 \u0930\u0939\u0947. \u0909\u0928 \u0926\u093f\u0928\u094b\u0902 \u0909\u0928\u0915\u093e \u0926\u0930\u094d\u0936 \u091c\u093e\u0917\u0943\u0924 \u0930\u0939\u093e. \u0938\u094b\u0939\u092e \u0939\u094b\u0924\u0947 \u0939\u0940 \u0935\u0947 \u091c\u0940\u0935\u0928-\u092e\u0930\u0923, \u092f\u0936-\u0905\u092a\u092f\u0936, \u0939\u093e\u0928\u093f-\u0932\u093e\u092d \u0915\u0947 \u092e\u0927\u094d\u092f \u0916\u095c\u0947 \u0939\u094b\u0915\u0930 \u0928\u0943\u0924\u094d\u092f \u0915\u0930\u0928\u0947 \u0932\u0917\u0947 \u0914\u0930 \u0938\u092e\u092d\u093e\u0935 \u092e\u0947\u0902 \u0930\u0939\u0947. \u0909\u0928\u094d\u0939\u0940\u0902 \u0926\u093f\u0928\u094b\u0902 \u0930\u0924\u094d\u0928\u0947\u0936\u094d\u0935\u0930 \u0928\u0947 \u0928\u093f\u0937\u094d\u0915\u093e\u092e \u0935\u0930\u094d\u0937\u093e \u0915\u0930\u093e\u0928\u0947 \u0914\u0930 \u092c\u094d\u0930\u0939\u094d\u092e \u0915\u094b \u0928\u093f\u092f\u0902\u0924\u094d\u0930\u093f\u0924 \u0915\u0930\u0928\u0947 \u0915\u093e \u0938\u092b\u0932 \u092a\u094d\u0930\u092f\u094b\u0917 \u0915\u093f\u092f\u093e. \u201c\u092e\u0948\u0902\u201d \u0917\u094d\u0930\u0928\u094d\u0925 \u092e\u0947\u0902 \u0924\u093e\u0924\u094d\u0924\u094d\u0935\u093f\u0915 \u092e\u093e\u0924\u094d\u0930\u093e \u0938\u0902\u092c\u0902\u0927\u094b\u0902 \u0915\u0940 \u0935\u093f\u0938\u094d\u0924\u0943\u0924 \u0935\u093f\u091c\u094d\u091e\u093e\u0928\u0940 \u0915\u0925\u093e \u0939\u0948.<\/li>\n\n  <li>\u092e\u0948\u0902\u0915\u0943\u0937\u094d\u0923 \u0915\u0947 \u0906\u0926\u0947\u0936 \u0938\u0947 \u092e\u0948\u0902\u0930\u0924\u094d\u0928\u0947\u0936\u094d\u0935\u0930 \u0909\u0928\u0915\u0947 \u0938\u093e\u0925 \u0930\u093e\u0938 \u0932\u0940\u0932\u093e \u092e\u0947\u0902 \u0936\u093e\u092e\u093f\u0932 \u0939\u0941\u090f. \u0930\u093e\u0938\u0932\u0940\u0932\u093e \u092e\u0947\u0902 \u0936\u094d\u0930\u0940\u0915\u0943\u0937\u094d\u0923 \u0938\u0902\u0917 \u0928\u0943\u0924\u094d\u092f \u0915\u093e \u0935\u0930\u094d\u0923\u0928 \u201c\u092e\u0948\u0902\u201d \u0917\u094d\u0930\u0928\u094d\u0925 \u092e\u0947\u0902 \u0939\u0948.<\/li>\n\n  <li>\u0905\u092a\u0928\u0947 \u0936\u0930\u0940\u0930 \u0938\u0947 \u092c\u093e\u0939\u0930 \u0928\u093f\u0915\u0932\u0915\u0930 \u092e\u0948\u0902\u0930\u0924\u094d\u0928\u0947\u0936\u094d\u0935\u0930 \u0928\u0947 \u092c\u094d\u0930\u0939\u094d\u092e \u0915\u093e \u092d\u094d\u0930\u092e\u0923 \u0915\u093f\u092f\u093e. \u0909\u0928\u0915\u0947 \u0932\u093f\u090f \u0936\u0930\u0940\u0930 \u092e\u0947\u0902 \u0935\u093e\u092a\u0938 \u0906\u0928\u093e \u092c\u0939\u0941\u0924 \u0915\u0920\u093f\u0928 \u0939\u094b \u0917\u092f\u093e \u0925\u093e. \u0907\u0938\u0915\u0940 \u092a\u0942\u0930\u0940 \u0935\u093f\u091c\u094d\u091e\u093e\u0928\u0940 \u0915\u0925\u093e \u201c\u092e\u0948\u0902\u201d \u0917\u094d\u0930\u0902\u0925 \u092e\u0947\u0902 \u0938\u0902\u0915\u0932\u093f\u0924 \u0939\u0948.<\/li>\n\n  <li>\u201c\u092e\u0948\u0902\u201d \u0917\u094d\u0930\u0928\u094d\u0925 \u092e\u0947\u0902 \u092e\u093e\u0928\u0928\u0947 \u0938\u0947 \u091c\u093e\u0928\u0928\u0947 \u0915\u0940 \u092f\u093e\u0924\u094d\u0930\u093e \u0915\u093e \u0938\u0941\u0928\u094d\u0926\u0930 \u092e\u093e\u0930\u094d\u0917 \u0909\u0926\u094d\u0918\u093e\u091f\u093f\u0924 \u0939\u0941\u0906 \u0939\u0948.<\/li>\n\n  <li>\u201c\u092e\u0948\u0902\u201d \u0917\u094d\u0930\u0928\u094d\u0925 \u092e\u0947\u0902 \u092e\u0948\u0902\u0930\u0924\u094d\u0928\u0947\u0936\u094d\u0935\u0930 \u0928\u0947 \u091c\u093e\u0928\u0928\u0947 \u0915\u0947 \u092a\u0936\u094d\u091a\u093e\u0924\u094d \u092e\u0948\u0902\u0915\u093e\u0930 \u0939\u094b \u091c\u093e\u0928\u0947 \u0915\u093e \u0930\u0939\u0938\u094d\u092f \u0909\u0926\u094d\u0918\u093e\u091f\u093f\u0924 \u0915\u093f\u092f\u093e \u0939\u0948.<\/li>\n\n  <li>\u201c\u092e\u0948\u0902\u201d \u0936\u092c\u094d\u0926 \u0915\u0947 \u0909\u091a\u094d\u091a\u093e\u0930\u0923 \u092e\u093e\u0924\u094d\u0930 \u0938\u0947 \u0939\u092e \u092e\u093e\u0924\u094d\u0930\u093e \u0917\u0924\u093f \u0938\u0947 \u091c\u0941\u095c \u091c\u093e\u0924\u0947 \u0939\u0948\u0902. \u0905\u092a\u0928\u0947 \u0928\u093e\u092e \u0938\u0947 \u092a\u0939\u0932\u0947 \u201c\u092e\u0948\u0902\u201d \u091c\u094b\u095c\u0928\u0947 \u0915\u0947 \u092e\u0939\u0924\u094d\u0924\u094d\u0935 \u0915\u094b \u0917\u094d\u0930\u0928\u094d\u0925 \u092e\u0947\u0902 \u0928\u0935\u0940\u0928\u0924\u093e \u0915\u0947 \u0938\u093e\u0925 \u0909\u0926\u094d\u0918\u093e\u091f\u093f\u0924 \u0915\u093f\u092f\u093e \u0917\u092f\u093e \u0939\u0948, \u091c\u094b \u092a\u0939\u0932\u0947 \u0915\u092d\u0940 \u0928\u0939\u0940\u0902 \u0915\u0939\u093e-\u0932\u093f\u0916\u093e \u0917\u092f\u093e \u0939\u0948.<\/li>\n\n  <li>\u201c\u092e\u0948\u0902\u201d \u0917\u094d\u0930\u0928\u094d\u0925 \u0915\u093e \u0905\u0927\u094d\u092f\u092f\u0928 \u0915\u0930\u0928\u0947 \u0914\u0930 \u0907\u0938\u0947 \u0905\u092a\u0928\u0947 \u092a\u093e\u0938 \u0930\u0916\u0928\u0947 \u092e\u093e\u0924\u094d\u0930 \u0938\u0947 \u091c\u0940\u0935 \u0915\u093e \u0915\u0932\u094d\u092f\u093e\u0923 \u0928\u093f\u0936\u094d\u091a\u093f\u0924 \u0939\u0948. \u0907\u0938\u092e\u0947\u0902 \u0935\u093f\u0936\u093f\u0937\u094d\u091f \u0936\u092c\u094d\u0926-\u092e\u0902\u0924\u094d\u0930 \u0930\u091a\u093e \u0917\u092f\u093e \u0939\u0948. \u201c\u092e\u0948\u0902\u201d \u0917\u094d\u0930\u0928\u094d\u0925 \u092e\u0947\u0902 \u091c\u0940\u0935\u0928 \u092e\u0947\u0902 \u092a\u0930\u092e-\u092a\u094d\u0930\u093e\u092a\u094d\u0924\u093f \u0915\u093e \u092e\u093e\u0930\u094d\u0917 \u092c\u0924\u093e\u092f\u093e \u0917\u092f\u093e \u0939\u0948.<\/li>\n\n  <li><strong>\u201c\u092e\u0948\u0902\u201d \u092e\u0941\u0926\u094d\u0930\u093f\u0924 \u092e\u0942\u0932\u094d\u092f \u092e\u0947\u0902 \u0926\u0941\u0928\u093f\u092f\u093e \u0915\u093e \u0938\u092c\u0938\u0947 \u092e\u0942\u0932\u094d\u092f\u0935\u093e\u0928 \u0917\u094d\u0930\u0902\u0925 \u0939\u0948. \u0907\u0938\u0915\u093e \u092e\u0942\u0932\u094d\u092f \u092d\u093e\u0930\u0924\u0940\u092f \u092e\u0941\u0926\u094d\u0930\u093e \u092e\u0947\u0902 \u092a\u0902\u0926\u094d\u0930\u0939 \u0915\u0930\u094b\u095c \u0930\u0941\u092a\u092f\u0947 \u091b\u092a\u093e \u0939\u0941\u0906 \u0939\u0948.<\/strong><\/li>\n\n<\/ol>\n\t\t\t\t\t\t\t\t<\/div>\n\t\t\t\t\t<\/div>\n\t\t\t\t<\/div>\n\t\t\t\t<div class=\"elementor-element elementor-element-90bcdae elementor-widget elementor-widget-text-editor\" data-id=\"90bcdae\" data-element_type=\"widget\" data-widget_type=\"text-editor.default\">\n\t\t\t\t\t\t\t\t\t<p>* * *<\/p>\t\t\t\t\t\t\t\t<\/div>\n\t\t\t\t\t<\/div>\n\t\t<\/div>\n\t\t\t\t\t<\/div>\n\t\t<\/section>\n\t\t\t\t<\/div>","protected":false},"excerpt":{"rendered":"<p>M\u0101in Scripture M\u0101ink\u0101r: Unveiling the Supreme State of Jn\u0101n On 7th September 2006 CE, at the auspicious Ratna Muhurta, M\u0101inRatneshwar attained enlightenment. For the first time in the world, the presence of Guru-Sakha M\u0101inKrishna was witnessed. By His command, the supreme state of knowledge was composed in precisely 3 hours and 24 minutes by the [&hellip;]<\/p>","protected":false},"author":1,"featured_media":0,"parent":0,"menu_order":0,"comment_status":"closed","ping_status":"closed","template":"elementor_header_footer","meta":{"_acf_changed":false,"footnotes":""},"class_list":["post-381","page","type-page","status-publish","hentry"],"acf":[],"_hostinger_reach_plugin_has_subscription_block":false,"_hostinger_reach_plugin_is_elementor":false,"_links":{"self":[{"href":"https:\/\/mainkaardarshan.com\/hi\/wp-json\/wp\/v2\/pages\/381","targetHints":{"allow":["GET"]}}],"collection":[{"href":"https:\/\/mainkaardarshan.com\/hi\/wp-json\/wp\/v2\/pages"}],"about":[{"href":"https:\/\/mainkaardarshan.com\/hi\/wp-json\/wp\/v2\/types\/page"}],"author":[{"embeddable":true,"href":"https:\/\/mainkaardarshan.com\/hi\/wp-json\/wp\/v2\/users\/1"}],"replies":[{"embeddable":true,"href":"https:\/\/mainkaardarshan.com\/hi\/wp-json\/wp\/v2\/comments?post=381"}],"version-history":[{"count":8,"href":"https:\/\/mainkaardarshan.com\/hi\/wp-json\/wp\/v2\/pages\/381\/revisions"}],"predecessor-version":[{"id":412,"href":"https:\/\/mainkaardarshan.com\/hi\/wp-json\/wp\/v2\/pages\/381\/revisions\/412"}],"wp:attachment":[{"href":"https:\/\/mainkaardarshan.com\/hi\/wp-json\/wp\/v2\/media?parent=381"}],"curies":[{"name":"wp","href":"https:\/\/api.w.org\/{rel}","templated":true}]}}